{"id":195,"date":"2022-04-19T10:48:54","date_gmt":"2022-04-19T10:48:54","guid":{"rendered":"https:\/\/tuvasamhealthtravel.com\/bizimle-iletisime-gecin\/"},"modified":"2022-11-28T11:24:13","modified_gmt":"2022-11-28T11:24:13","slug":"bizimle-iletisime-gecin","status":"publish","type":"page","link":"https:\/\/tuvasamhealthtravel.com\/tr\/bizimle-iletisime-gecin\/","title":{"rendered":"Bizimle ileti\u015fime ge\u00e7in"},"content":{"rendered":"\t\t<div data-elementor-type=\"wp-page\" data-elementor-id=\"195\" class=\"elementor elementor-195 elementor-30\">\n\t\t\t\t\t\t\t\t\t<section data-particle_enable=\"false\" data-particle-mobile-disabled=\"false\" class=\"elementor-section elementor-top-section elementor-element elementor-element-7f3bf0c elementor-section-content-middle elementor-section-height-min-height elementor-section-items-stretch elementor-section-boxed elementor-section-height-default\" data-id=\"7f3bf0c\" data-element_type=\"section\">\n\t\t\t\t\t\t<div class=\"elementor-container elementor-column-gap-no\">\n\t\t\t\t\t<div class=\"elementor-column elementor-col-50 elementor-top-column elementor-element elementor-element-7b12ce43\" data-id=\"7b12ce43\" data-element_type=\"column\">\n\t\t\t<div class=\"elementor-widget-wrap elementor-element-populated\">\n\t\t\t\t\t\t\t\t<div class=\"elementor-element elementor-element-4ecc2c97 elementor-invisible elementor-widget elementor-widget-heading\" data-id=\"4ecc2c97\" data-element_type=\"widget\" data-settings=\"{&quot;_animation&quot;:&quot;fadeIn&quot;}\" data-widget_type=\"heading.default\">\n\t\t\t\t<div class=\"elementor-widget-container\">\n\t\t\t<style>\/*! elementor - v3.6.8 - 27-07-2022 *\/\n.elementor-heading-title{padding:0;margin:0;line-height:1}.elementor-widget-heading .elementor-heading-title[class*=elementor-size-]>a{color:inherit;font-size:inherit;line-height:inherit}.elementor-widget-heading .elementor-heading-title.elementor-size-small{font-size:15px}.elementor-widget-heading .elementor-heading-title.elementor-size-medium{font-size:19px}.elementor-widget-heading .elementor-heading-title.elementor-size-large{font-size:29px}.elementor-widget-heading .elementor-heading-title.elementor-size-xl{font-size:39px}.elementor-widget-heading .elementor-heading-title.elementor-size-xxl{font-size:59px}<\/style><h2 class=\"elementor-heading-title elementor-size-default\">Bizimle ileti\u015fime ge\u00e7in<\/h2>\t\t<\/div>\n\t\t\t\t<\/div>\n\t\t\t\t<div class=\"elementor-element elementor-element-2d09150c elementor-widget elementor-widget-text-editor\" data-id=\"2d09150c\" data-element_type=\"widget\" data-widget_type=\"text-editor.default\">\n\t\t\t\t<div class=\"elementor-widget-container\">\n\t\t\t<style>\/*! elementor - v3.6.8 - 27-07-2022 *\/\n.elementor-widget-text-editor.elementor-drop-cap-view-stacked .elementor-drop-cap{background-color:#818a91;color:#fff}.elementor-widget-text-editor.elementor-drop-cap-view-framed .elementor-drop-cap{color:#818a91;border:3px solid;background-color:transparent}.elementor-widget-text-editor:not(.elementor-drop-cap-view-default) .elementor-drop-cap{margin-top:8px}.elementor-widget-text-editor:not(.elementor-drop-cap-view-default) .elementor-drop-cap-letter{width:1em;height:1em}.elementor-widget-text-editor .elementor-drop-cap{float:left;text-align:center;line-height:1;font-size:50px}.elementor-widget-text-editor .elementor-drop-cap-letter{display:inline-block}<\/style>\t\t\t\t<p>Sizden haber almak isteriz.<br \/>A\u015fa\u011f\u0131daki ayr\u0131nt\u0131lar\u0131 kullanarak bize ula\u015fmaktan \u00e7ekinmeyin.<\/p>\n\t\t\t\t\t\t<\/div>\n\t\t\t\t<\/div>\n\t\t\t\t\t<\/div>\n\t\t<\/div>\n\t\t\t\t<div class=\"elementor-column elementor-col-50 elementor-top-column elementor-element elementor-element-4a3e7bd3\" data-id=\"4a3e7bd3\" data-element_type=\"column\" data-settings=\"{&quot;background_background&quot;:&quot;classic&quot;}\">\n\t\t\t<div class=\"elementor-widget-wrap elementor-element-populated\">\n\t\t\t\t\t\t\t\t<div class=\"elementor-element elementor-element-4c458d13 elementor-widget elementor-widget-spacer\" data-id=\"4c458d13\" data-element_type=\"widget\" data-widget_type=\"spacer.default\">\n\t\t\t\t<div class=\"elementor-widget-container\">\n\t\t\t<style>\/*! elementor - v3.6.8 - 27-07-2022 *\/\n.e-container.e-container--row .elementor-spacer-inner{width:var(--spacer-size)}.e-container.e-container--column .elementor-spacer-inner,.elementor-column .elementor-spacer-inner{height:var(--spacer-size)}<\/style>\t\t<div class=\"elementor-spacer\">\n\t\t\t<div class=\"elementor-spacer-inner\"><\/div>\n\t\t<\/div>\n\t\t\t\t<\/div>\n\t\t\t\t<\/div>\n\t\t\t\t\t<\/div>\n\t\t<\/div>\n\t\t\t\t\t\t\t<\/div>\n\t\t<\/section>\n\t\t\t\t<section data-particle_enable=\"false\" data-particle-mobile-disabled=\"false\" class=\"elementor-section elementor-top-section elementor-element elementor-element-5cc5b335 elementor-section-content-middle elementor-reverse-mobile elementor-section-height-min-height elementor-section-items-stretch elementor-section-boxed elementor-section-height-default\" data-id=\"5cc5b335\" data-element_type=\"section\">\n\t\t\t\t\t\t<div class=\"elementor-container elementor-column-gap-no\">\n\t\t\t\t\t<div class=\"elementor-column elementor-col-50 elementor-top-column elementor-element elementor-element-49818f75\" data-id=\"49818f75\" data-element_type=\"column\" data-settings=\"{&quot;background_background&quot;:&quot;classic&quot;}\">\n\t\t\t<div class=\"elementor-widget-wrap elementor-element-populated\">\n\t\t\t\t\t\t\t\t<div class=\"elementor-element elementor-element-5e132f2f elementor-widget elementor-widget-image\" data-id=\"5e132f2f\" data-element_type=\"widget\" data-widget_type=\"image.default\">\n\t\t\t\t<div class=\"elementor-widget-container\">\n\t\t\t<style>\/*! elementor - v3.6.8 - 27-07-2022 *\/\n.elementor-widget-image{text-align:center}.elementor-widget-image a{display:inline-block}.elementor-widget-image a img[src$=\".svg\"]{width:48px}.elementor-widget-image img{vertical-align:middle;display:inline-block}<\/style>\t\t\t\t\t\t\t\t\t\t\t\t<img loading=\"lazy\" decoding=\"async\" width=\"800\" height=\"480\" src=\"https:\/\/tuvasamhealthtravel.com\/wp-content\/uploads\/2022\/04\/paris-isiltisi-1024x615.jpg\" class=\"attachment-large size-large\" alt=\"\" srcset=\"https:\/\/tuvasamhealthtravel.com\/wp-content\/uploads\/2022\/04\/paris-isiltisi-1024x615.jpg 1024w, https:\/\/tuvasamhealthtravel.com\/wp-content\/uploads\/2022\/04\/paris-isiltisi-300x180.jpg 300w, https:\/\/tuvasamhealthtravel.com\/wp-content\/uploads\/2022\/04\/paris-isiltisi-768x461.jpg 768w, https:\/\/tuvasamhealthtravel.com\/wp-content\/uploads\/2022\/04\/paris-isiltisi-1536x922.jpg 1536w, https:\/\/tuvasamhealthtravel.com\/wp-content\/uploads\/2022\/04\/paris-isiltisi.jpg 1800w\" sizes=\"auto, (max-width: 800px) 100vw, 800px\" \/>\t\t\t\t\t\t\t\t\t\t\t\t\t\t\t<\/div>\n\t\t\t\t<\/div>\n\t\t\t\t\t<\/div>\n\t\t<\/div>\n\t\t\t\t<div class=\"elementor-column elementor-col-50 elementor-top-column elementor-element elementor-element-fec0587\" data-id=\"fec0587\" data-element_type=\"column\">\n\t\t\t<div class=\"elementor-widget-wrap elementor-element-populated\">\n\t\t\t\t\t\t\t\t<div class=\"elementor-element elementor-element-748723ee elementor-widget elementor-widget-text-editor\" data-id=\"748723ee\" data-element_type=\"widget\" data-widget_type=\"text-editor.default\">\n\t\t\t\t<div class=\"elementor-widget-container\">\n\t\t\t\t\t\t\t<p><strong>Telefon<\/strong> <a href=\"tel:+905419036075\">+905419036075<\/a><\/p>\n<p><strong>E-posta: <a href=\"mailto:tuvasamhealthtravel@gmail.com\">tuvasamhealthtravel@gmail.com<\/a><\/strong><\/p>\n<p><strong>Adres \u0130\u00c7ERENK\u00d6Y MAH. TOP\u00c7U I\u0307BRAHI\u0307M SK. NO: 7 I\u0307\u00c7 KAPI NO: 7<br \/>ATA\u015eEHI\u0307R\/ I\u0307STANBUL<\/strong><\/p>\n\t\t\t\t\t\t<\/div>\n\t\t\t\t<\/div>\n\t\t\t\t\t<\/div>\n\t\t<\/div>\n\t\t\t\t\t\t\t<\/div>\n\t\t<\/section>\n\t\t\t\t\t\t\t<\/div>\n\t\t","protected":false},"excerpt":{"rendered":"<p>Bizimle ileti\u015fime ge\u00e7in Sizden haber almak isteriz.A\u015fa\u011f\u0131daki ayr\u0131nt\u0131lar\u0131 kullanarak bize ula\u015fmaktan \u00e7ekinmeyin. Telefon +905419036075 E-posta: tuvasamhealthtravel@gmail.com Adres \u0130\u00c7ERENK\u00d6Y MAH. TOP\u00c7U I\u0307BRAHI\u0307M SK. NO: 7 I\u0307\u00c7 KAPI NO: 7ATA\u015eEHI\u0307R\/ I\u0307STANBUL<\/p>\n","protected":false},"author":1,"featured_media":0,"parent":0,"menu_order":0,"comment_status":"closed","ping_status":"closed","template":"elementor_header_footer","meta":{"footnotes":""},"class_list":["post-195","page","type-page","status-publish","hentry"],"_links":{"self":[{"href":"https:\/\/tuvasamhealthtravel.com\/tr\/wp-json\/wp\/v2\/pages\/195","targetHints":{"allow":["GET"]}}],"collection":[{"href":"https:\/\/tuvasamhealthtravel.com\/tr\/wp-json\/wp\/v2\/pages"}],"about":[{"href":"https:\/\/tuvasamhealthtravel.com\/tr\/wp-json\/wp\/v2\/types\/page"}],"author":[{"embeddable":true,"href":"https:\/\/tuvasamhealthtravel.com\/tr\/wp-json\/wp\/v2\/users\/1"}],"replies":[{"embeddable":true,"href":"https:\/\/tuvasamhealthtravel.com\/tr\/wp-json\/wp\/v2\/comments?post=195"}],"version-history":[{"count":8,"href":"https:\/\/tuvasamhealthtravel.com\/tr\/wp-json\/wp\/v2\/pages\/195\/revisions"}],"predecessor-version":[{"id":382,"href":"https:\/\/tuvasamhealthtravel.com\/tr\/wp-json\/wp\/v2\/pages\/195\/revisions\/382"}],"wp:attachment":[{"href":"https:\/\/tuvasamhealthtravel.com\/tr\/wp-json\/wp\/v2\/media?parent=195"}],"curies":[{"name":"wp","href":"https:\/\/api.w.org\/{rel}","templated":true}]}}